{"id":5,"date":"2022-10-15T19:24:42","date_gmt":"2022-10-15T19:24:42","guid":{"rendered":"http:\/\/localhost\/galeria-50-aniversario\/?page_id=5"},"modified":"2022-10-20T14:22:38","modified_gmt":"2022-10-20T18:22:38","slug":"inicio","status":"publish","type":"page","link":"https:\/\/galeria.upr.edu.cu\/","title":{"rendered":"Inicio"},"content":{"rendered":"\n<div class=\"wp-container-71 wp-block-group\">\n<div class=\"wp-block-nextend-smartslider3\"><\/div>\n\n\n\n<div style=\"height:100px\" aria-hidden=\"true\" class=\"wp-block-spacer\"><\/div>\n\n\n\n<div class=\"wp-container-7 is-content-justification-center is-nowrap wp-block-group\">\n<div class=\"wp-container-6 wp-block-columns\">\n<div class=\"wp-container-1 wp-block-column\">\n<figure class=\"wp-block-image size-large\"><a href=\"http:\/\/galeria.upr.edu.cu\/#slide-1\"><img src=\"http:\/\/galeria.upr.edu.cu\/wp-content\/uploads\/2022\/10\/1.png\" alt=\"\"\/><\/a><figcaption>1972. Primer grupo del curso regular diurno de la carrera de Agronom\u00eda.<\/figcaption><\/figure>\n<\/div>\n\n\n\n<div class=\"wp-container-2 wp-block-column\">\n<figure class=\"wp-block-image size-large\"><a href=\"http:\/\/galeria.upr.edu.cu\/#slide-2\"><img src=\"http:\/\/galeria.upr.edu.cu\/wp-content\/uploads\/2022\/10\/2-4.png\" alt=\"\"\/><\/a><figcaption>1972. Primer local de la Sede Universitaria radicado en la calle Antonio Rubio # 232.<\/figcaption><\/figure>\n<\/div>\n\n\n\n<div class=\"wp-container-3 wp-block-column\">\n<figure class=\"wp-block-image size-large\"><a href=\"http:\/\/galeria.upr.edu.cu\/#slide-3\"><img src=\"http:\/\/galeria.upr.edu.cu\/wp-content\/uploads\/2022\/10\/3.png\" alt=\"\"\/><\/a><figcaption>1975. Partido de Voleibol en los Juegos Guam\u00e1.<\/figcaption><\/figure>\n<\/div>\n\n\n\n<div class=\"wp-container-4 wp-block-column\">\n<figure class=\"wp-block-image size-large\"><a href=\"http:\/\/galeria.upr.edu.cu\/#slide-4\"><img src=\"http:\/\/galeria.upr.edu.cu\/wp-content\/uploads\/2022\/10\/4-4.png\" alt=\"\"\/><\/a><figcaption>1976. Ing. Ricardo Abreu Espinoza, fundador de la Sede Universitaria y primer Rector.<\/figcaption><\/figure>\n<\/div>\n\n\n\n<div class=\"wp-container-5 wp-block-column\">\n<figure class=\"wp-block-image size-large\"><a href=\"http:\/\/galeria.upr.edu.cu\/#slide-5\"><img src=\"http:\/\/galeria.upr.edu.cu\/wp-content\/uploads\/2022\/10\/5-1.png\" alt=\"\"\/><\/a><figcaption>1977. Actividad de Preparaci\u00f3n de las C\u00e1tedras Militares.<\/figcaption><\/figure>\n<\/div>\n<\/div>\n<\/div>\n\n\n\n<div class=\"wp-container-14 is-content-justification-center is-nowrap wp-block-group\">\n<div class=\"wp-container-13 wp-block-columns\">\n<div class=\"wp-container-8 wp-block-column\">\n<figure class=\"wp-block-image size-large\"><a href=\"http:\/\/galeria.upr.edu.cu\/#slide-6\"><img src=\"http:\/\/galeria.upr.edu.cu\/wp-content\/uploads\/2022\/10\/6.png\" alt=\"\"\/><\/a><figcaption>1977. Firma de Convenio entre el Centro Universitario de Pinar del R\u00edo (CUPR) y la Universidad de Dresde.<\/figcaption><\/figure>\n<\/div>\n\n\n\n<div class=\"wp-container-9 wp-block-column\">\n<figure class=\"wp-block-image size-large\"><a href=\"http:\/\/galeria.upr.edu.cu\/#slide-7\"><img src=\"http:\/\/galeria.upr.edu.cu\/wp-content\/uploads\/2022\/10\/7.png\" alt=\"\"\/><\/a><figcaption>1979. Reuni\u00f3n de Balance del Comit\u00e9 del Partido de cara al III Congreso de la organizaci\u00f3n.<\/figcaption><\/figure>\n<\/div>\n\n\n\n<div class=\"wp-container-10 wp-block-column\">\n<figure class=\"wp-block-image size-large\"><a href=\"http:\/\/galeria.upr.edu.cu\/#slide-8\"><img src=\"http:\/\/galeria.upr.edu.cu\/wp-content\/uploads\/2022\/10\/8.png\" alt=\"\"\/><\/a><figcaption><strong> <\/strong>1980. Edificio docente en construcci\u00f3n.<\/figcaption><\/figure>\n<\/div>\n\n\n\n<div class=\"wp-container-11 wp-block-column\">\n<figure class=\"wp-block-image size-large\"><a href=\"http:\/\/galeria.upr.edu.cu\/#slide-9\"><img src=\"http:\/\/galeria.upr.edu.cu\/wp-content\/uploads\/2022\/10\/9.png\" alt=\"\"\/><\/a><figcaption>1980. Visitantes alemanes en el Orquideario de Soroa intercambian con su Director (ubicado a la izquierda de la foto).<\/figcaption><\/figure>\n<\/div>\n\n\n\n<div class=\"wp-container-12 wp-block-column\">\n<figure class=\"wp-block-image size-large\"><a href=\"http:\/\/galeria.upr.edu.cu\/#slide-10\"><img src=\"http:\/\/galeria.upr.edu.cu\/wp-content\/uploads\/2022\/10\/10.png\" alt=\"\"\/><\/a><figcaption>1981. Equipo de F\u00fatbol que represent\u00f3 a la Universidad en los IX Juegos Nacionales Universitarios celebrados en Camag\u00fcey. El equipo obtuvo el 2do lugar.<\/figcaption><\/figure>\n<\/div>\n<\/div>\n<\/div>\n\n\n\n<div class=\"wp-container-21 is-content-justification-center is-nowrap wp-block-group\">\n<div class=\"wp-container-20 wp-block-columns\">\n<div class=\"wp-container-15 wp-block-column\" style=\"flex-basis:20%\">\n<figure class=\"wp-block-image size-large\"><a href=\"http:\/\/galeria.upr.edu.cu\/#slide-11\"><img src=\"http:\/\/galeria.upr.edu.cu\/wp-content\/uploads\/2022\/10\/11.png\" alt=\"\"\/><\/a><figcaption>1982. Primer Encuentro Nacional de Teatro celebrado en el Teatro Milan\u00e9s de la ciudad de Pinar del R\u00edo.<\/figcaption><\/figure>\n<\/div>\n\n\n\n<div class=\"wp-container-16 wp-block-column\" style=\"flex-basis:20%\">\n<figure class=\"wp-block-image size-large\"><a href=\"http:\/\/galeria.upr.edu.cu\/#slide-12\"><img src=\"http:\/\/galeria.upr.edu.cu\/wp-content\/uploads\/2022\/10\/12.png\" alt=\"\"\/><\/a><figcaption>1982. Acciones de recuperaci\u00f3n despu\u00e9s del paso del hurac\u00e1n Alberto. En la foto Alberto Morej\u00f3n, primer dise\u00f1ador de la Universidad.<\/figcaption><\/figure>\n<\/div>\n\n\n\n<div class=\"wp-container-17 wp-block-column\" style=\"flex-basis:20%\">\n<figure class=\"wp-block-image size-large\"><a href=\"http:\/\/galeria.upr.edu.cu\/#slide-13\"><img src=\"http:\/\/galeria.upr.edu.cu\/wp-content\/uploads\/2022\/10\/13.png\" alt=\"\"\/><\/a><figcaption>1984. El Primer Secretario del Comit\u00e9 Provincial del Partido Comunista en Pinar del R\u00edo, Orlando Lugo Fonte, entrega a la Universidad la condici\u00f3n de Vanguardia Nacional.<\/figcaption><\/figure>\n<\/div>\n\n\n\n<div class=\"wp-container-18 wp-block-column\" style=\"flex-basis:20%\">\n<figure class=\"wp-block-image size-large\"><a href=\"http:\/\/galeria.upr.edu.cu\/#slide-14\"><img src=\"http:\/\/galeria.upr.edu.cu\/wp-content\/uploads\/2022\/10\/14.png\" alt=\"\"\/><\/a><figcaption>1985. Visita del cosmonauta cubano Arnaldo Tamayo a la Universidad. En el extremo derecho de la foto el Rector Dr. Felipe Herrera Torres.<\/figcaption><\/figure>\n<\/div>\n\n\n\n<div class=\"wp-container-19 wp-block-column\" style=\"flex-basis:20%\">\n<figure class=\"wp-block-image size-large\"><a href=\"http:\/\/galeria.upr.edu.cu\/#slide-15\"><img src=\"http:\/\/galeria.upr.edu.cu\/wp-content\/uploads\/2022\/10\/15-1.png\" alt=\"\"\/><\/a><figcaption>1986. Grupo musical de estudiantes de la carrera Forestal durante el Festival de Artistas Aficionados.<\/figcaption><\/figure>\n<\/div>\n<\/div>\n<\/div>\n\n\n\n<div class=\"wp-container-28 is-content-justification-center is-nowrap wp-block-group\">\n<div class=\"wp-container-27 wp-block-columns\">\n<div class=\"wp-container-22 wp-block-column\" style=\"flex-basis:20%\">\n<figure class=\"wp-block-image size-large\"><a href=\"http:\/\/galeria.upr.edu.cu\/#slide-16\"><img src=\"http:\/\/galeria.upr.edu.cu\/wp-content\/uploads\/2022\/10\/16.png\" alt=\"\"\/><\/a><figcaption>1988. Graduaci\u00f3n \u201c60 Aniversario del Natalicio de Ernesto Guevara\u201d con la presencia de los padres de Sergio y Luis Sa\u00edz Montes de Oca.<\/figcaption><\/figure>\n<\/div>\n\n\n\n<div class=\"wp-container-23 wp-block-column\" style=\"flex-basis:20%\">\n<figure class=\"wp-block-image size-large\"><a href=\"http:\/\/galeria.upr.edu.cu\/#slide-17\"><img src=\"http:\/\/galeria.upr.edu.cu\/wp-content\/uploads\/2022\/10\/17.png\" alt=\"\"\/><\/a><figcaption>1989. Acto de entrega del cargo de Rector de la Universidad por parte del Dr.C. Felipe Herrera Torres al Dr. C. Ynocente Primitivo Betancourt Figueras.<\/figcaption><\/figure>\n<\/div>\n\n\n\n<div class=\"wp-container-24 wp-block-column\" style=\"flex-basis:20%\">\n<figure class=\"wp-block-image size-large\"><a href=\"http:\/\/galeria.upr.edu.cu\/#slide-18\"><img src=\"http:\/\/galeria.upr.edu.cu\/wp-content\/uploads\/2022\/10\/18.png\" alt=\"\"\/><\/a><figcaption>1990. Acto de graduaci\u00f3n militar \u201cIV Congreso del PCC\u201d ante el Monumento al Lugarteniente General Antonio Maceo y Grajales en Las Taironas.<\/figcaption><\/figure>\n<\/div>\n\n\n\n<div class=\"wp-container-25 wp-block-column\" style=\"flex-basis:20%\">\n<figure class=\"wp-block-image size-large\"><a href=\"http:\/\/galeria.upr.edu.cu\/#slide-19\"><img src=\"http:\/\/galeria.upr.edu.cu\/wp-content\/uploads\/2022\/10\/19.png\" alt=\"\"\/><\/a><figcaption>1992. Graduaci\u00f3n del curso 1991-1992 con la presencia del Comandante Julio Camacho Aguilera y Ester Montes de Oca, madre de Sergio y Luis Sa\u00edz Montes de Oca<\/figcaption><\/figure>\n<\/div>\n\n\n\n<div class=\"wp-container-26 wp-block-column\" style=\"flex-basis:20%\">\n<figure class=\"wp-block-image size-large\"><a href=\"http:\/\/galeria.upr.edu.cu\/#slide-20\"><img src=\"http:\/\/galeria.upr.edu.cu\/wp-content\/uploads\/2022\/10\/20.png\" alt=\"\"\/><\/a><figcaption>1992. Monumento a los Hermanos Sa\u00edz a punto de inaugurarse. Realizaci\u00f3n de tareas finales en las \u00e1reas verdes que lo rodean.<\/figcaption><\/figure>\n<\/div>\n<\/div>\n<\/div>\n\n\n\n<div class=\"wp-container-35 is-content-justification-center is-nowrap wp-block-group\">\n<div class=\"wp-container-34 wp-block-columns\">\n<div class=\"wp-container-29 wp-block-column\" style=\"flex-basis:20%\">\n<figure class=\"wp-block-image size-large\"><a href=\"http:\/\/galeria.upr.edu.cu\/#slide-21\"><img src=\"http:\/\/galeria.upr.edu.cu\/wp-content\/uploads\/2022\/10\/21.png\" alt=\"\"\/><\/a><figcaption>1997. Intercambio con fundadores de la UPR en el marco del 25 Aniversario de la instituci\u00f3n.<\/figcaption><\/figure>\n<\/div>\n\n\n\n<div class=\"wp-container-30 wp-block-column\" style=\"flex-basis:20%\">\n<figure class=\"wp-block-image size-large\"><a href=\"http:\/\/galeria.upr.edu.cu\/#slide-22\"><img src=\"http:\/\/galeria.upr.edu.cu\/wp-content\/uploads\/2022\/10\/22.png\" alt=\"\"\/><\/a><figcaption>1998. Graduaci\u00f3n \u201c25 Aniversario de la fundaci\u00f3n de la Universidad\u201d con la presencia del Comandante Julio Camacho Aguilera.<\/figcaption><\/figure>\n<\/div>\n\n\n\n<div class=\"wp-container-31 wp-block-column\" style=\"flex-basis:20%\">\n<figure class=\"wp-block-image size-large\"><a href=\"http:\/\/galeria.upr.edu.cu\/#slide-23\"><img src=\"http:\/\/galeria.upr.edu.cu\/wp-content\/uploads\/2022\/10\/23.png\" alt=\"\"\/><\/a><figcaption><strong> <\/strong>1999. Cuadros destacados de la UPR.<\/figcaption><\/figure>\n<\/div>\n\n\n\n<div class=\"wp-container-32 wp-block-column\" style=\"flex-basis:20%\">\n<figure class=\"wp-block-image size-large\"><a href=\"http:\/\/galeria.upr.edu.cu\/#slide-24\"><img src=\"http:\/\/galeria.upr.edu.cu\/wp-content\/uploads\/2022\/10\/24.png\" alt=\"\"\/><\/a><figcaption>2000. Asamblea General de Rectores del Grupo de Universidades Iberoamericanas \u201cLa R\u00e1bida\u201d.<\/figcaption><\/figure>\n<\/div>\n\n\n\n<div class=\"wp-container-33 wp-block-column\" style=\"flex-basis:20%\">\n<figure class=\"wp-block-image size-large\"><a href=\"http:\/\/galeria.upr.edu.cu\/#slide-25\"><img src=\"http:\/\/galeria.upr.edu.cu\/wp-content\/uploads\/2022\/10\/25.png\" alt=\"\"\/><\/a><figcaption>2000. Graduados destacados del curso 1999 &#8211; 2000.<\/figcaption><\/figure>\n<\/div>\n<\/div>\n<\/div>\n\n\n\n<div class=\"wp-container-42 is-content-justification-center is-nowrap wp-block-group\">\n<div class=\"wp-container-41 wp-block-columns\">\n<div class=\"wp-container-36 wp-block-column\" style=\"flex-basis:20%\">\n<figure class=\"wp-block-image size-large\"><a href=\"http:\/\/galeria.upr.edu.cu\/#slide-26\"><img src=\"http:\/\/galeria.upr.edu.cu\/wp-content\/uploads\/2022\/10\/26.png\" alt=\"\"\/><\/a><figcaption>2002. Primer Taller Provincial de Alumnos Ayudantes.<\/figcaption><\/figure>\n<\/div>\n\n\n\n<div class=\"wp-container-37 wp-block-column\" style=\"flex-basis:20%\">\n<figure class=\"wp-block-image size-large\"><a href=\"http:\/\/galeria.upr.edu.cu\/#slide-27\"><img src=\"http:\/\/galeria.upr.edu.cu\/wp-content\/uploads\/2022\/10\/27.png\" alt=\"\"\/><\/a><figcaption>2004. Despedida del Dr.C. Gil Ram\u00f3n Gonz\u00e1lez Gonz\u00e1lez, como rector de la Universidad.<\/figcaption><\/figure>\n<\/div>\n\n\n\n<div class=\"wp-container-38 wp-block-column\" style=\"flex-basis:20%\">\n<figure class=\"wp-block-image size-large\"><a href=\"http:\/\/galeria.upr.edu.cu\/#slide-28\"><img src=\"http:\/\/galeria.upr.edu.cu\/wp-content\/uploads\/2022\/10\/28.png\" alt=\"\"\/><\/a><figcaption>2005. Caravana de la Universidad por la obtenci\u00f3n de la Bandera de Honor de la UJC.<\/figcaption><\/figure>\n<\/div>\n\n\n\n<div class=\"wp-container-39 wp-block-column\" style=\"flex-basis:20%\">\n<figure class=\"wp-block-image size-large\"><a href=\"http:\/\/galeria.upr.edu.cu\/#slide-29\"><img src=\"http:\/\/galeria.upr.edu.cu\/wp-content\/uploads\/2022\/10\/29-1.png\" alt=\"\"\/><\/a><figcaption>2005. Alumnos del Diplomado de Educaci\u00f3n Superior para directivos de universidades angolanas organizado por el Centro de Estudios de la Educaci\u00f3n Superior.<\/figcaption><\/figure>\n<\/div>\n\n\n\n<div class=\"wp-container-40 wp-block-column\" style=\"flex-basis:20%\">\n<figure class=\"wp-block-image size-large\"><a href=\"http:\/\/galeria.upr.edu.cu\/#slide-30\"><img src=\"http:\/\/galeria.upr.edu.cu\/wp-content\/uploads\/2022\/10\/30-2.png\" alt=\"\"\/><\/a><figcaption>2006. Encuentro con intelectuales cubanos.<\/figcaption><\/figure>\n<\/div>\n<\/div>\n<\/div>\n\n\n\n<div class=\"wp-container-49 is-content-justification-center is-nowrap wp-block-group\">\n<div class=\"wp-container-48 wp-block-columns\">\n<div class=\"wp-container-43 wp-block-column\" style=\"flex-basis:20%\">\n<figure class=\"wp-block-image size-large\"><a href=\"http:\/\/galeria.upr.edu.cu\/#slide-31\"><img src=\"http:\/\/galeria.upr.edu.cu\/wp-content\/uploads\/2022\/10\/31.png\" alt=\"\"\/><\/a><figcaption>2006. Colectivo del Departamento Forestal. En la imagen fundadores de la Universidad<\/figcaption><\/figure>\n<\/div>\n\n\n\n<div class=\"wp-container-44 wp-block-column\" style=\"flex-basis:20%\">\n<figure class=\"wp-block-image size-large\"><a href=\"http:\/\/galeria.upr.edu.cu\/#slide-32\"><img src=\"http:\/\/galeria.upr.edu.cu\/wp-content\/uploads\/2022\/10\/32.png\" alt=\"\"\/><\/a><figcaption>2008. Graduaci\u00f3n de la Universidad \u201c50 Aniversario del Triunfo de la Revoluci\u00f3n\u201d.<\/figcaption><\/figure>\n<\/div>\n\n\n\n<div class=\"wp-container-45 wp-block-column\" style=\"flex-basis:20%\">\n<figure class=\"wp-block-image size-large\"><a href=\"http:\/\/galeria.upr.edu.cu\/#slide-33\"><img src=\"http:\/\/galeria.upr.edu.cu\/wp-content\/uploads\/2022\/10\/33.png\" alt=\"\"\/><\/a><figcaption>2011. Inicio del servicio de sala abierta como parte de la transformaci\u00f3n paulatina de la Biblioteca Universitaria a Centro de Recursos para el Aprendizaje y la Investigaci\u00f3n (CRAI).<\/figcaption><\/figure>\n<\/div>\n\n\n\n<div class=\"wp-container-46 wp-block-column\" style=\"flex-basis:20%\">\n<figure class=\"wp-block-image size-large\"><a href=\"http:\/\/galeria.upr.edu.cu\/#slide-34\"><img src=\"http:\/\/galeria.upr.edu.cu\/wp-content\/uploads\/2022\/10\/34.png\" alt=\"\"\/><\/a><figcaption>2014. Audici\u00f3n nacional de artistas aficionados.<\/figcaption><\/figure>\n<\/div>\n\n\n\n<div class=\"wp-container-47 wp-block-column\" style=\"flex-basis:20%\">\n<figure class=\"wp-block-image size-large\"><a href=\"http:\/\/galeria.upr.edu.cu\/#slide-35\"><img src=\"http:\/\/galeria.upr.edu.cu\/wp-content\/uploads\/2022\/10\/35.png\" alt=\"\"\/><\/a><figcaption>2014. Tribunal Permanente de Doctorado en Ciencias Forestales (\u00danico conducido por la Universidad de Pinar del R\u00edo).<\/figcaption><\/figure>\n<\/div>\n<\/div>\n<\/div>\n\n\n\n<div class=\"wp-container-56 is-content-justification-center is-nowrap wp-block-group\">\n<div class=\"wp-container-55 wp-block-columns\">\n<div class=\"wp-container-50 wp-block-column\" style=\"flex-basis:20%\">\n<figure class=\"wp-block-image size-large\"><a href=\"http:\/\/galeria.upr.edu.cu\/#slide-36\"><img src=\"http:\/\/galeria.upr.edu.cu\/wp-content\/uploads\/2022\/10\/36.png\" alt=\"\"\/><\/a><figcaption>2015. Jornada de puertas abiertas.<\/figcaption><\/figure>\n<\/div>\n\n\n\n<div class=\"wp-container-51 wp-block-column\" style=\"flex-basis:20%\">\n<figure class=\"wp-block-image size-large\"><a href=\"http:\/\/galeria.upr.edu.cu\/#slide-37\"><img src=\"http:\/\/galeria.upr.edu.cu\/wp-content\/uploads\/2022\/10\/37.png\" alt=\"\"\/><\/a><figcaption>2015. Tercera Feria Provincial de Innovaci\u00f3n y Sociedad.<\/figcaption><\/figure>\n<\/div>\n\n\n\n<div class=\"wp-container-52 wp-block-column\" style=\"flex-basis:20%\">\n<figure class=\"wp-block-image size-large\"><a href=\"http:\/\/galeria.upr.edu.cu\/#slide-38\"><img src=\"http:\/\/galeria.upr.edu.cu\/wp-content\/uploads\/2022\/10\/38.png\" alt=\"\"\/><\/a><figcaption>2016. Cierre del evento Modelo de las Naciones Unidas, ONUPINAR 2016.<\/figcaption><\/figure>\n<\/div>\n\n\n\n<div class=\"wp-container-53 wp-block-column\" style=\"flex-basis:20%\">\n<figure class=\"wp-block-image size-large\"><a href=\"http:\/\/galeria.upr.edu.cu\/#slide-39\"><img src=\"http:\/\/galeria.upr.edu.cu\/wp-content\/uploads\/2022\/10\/39.png\" alt=\"\"\/><\/a><figcaption>2016. Tercera Edici\u00f3n del Diplomado en Direcci\u00f3n y Gesti\u00f3n Empresarial.<\/figcaption><\/figure>\n<\/div>\n\n\n\n<div class=\"wp-container-54 wp-block-column\" style=\"flex-basis:20%\">\n<figure class=\"wp-block-image size-large\"><a href=\"http:\/\/galeria.upr.edu.cu\/#slide-40\"><img src=\"http:\/\/galeria.upr.edu.cu\/wp-content\/uploads\/2022\/10\/40.png\" alt=\"\"\/><\/a><figcaption>2017. Reacreditaci\u00f3n de la UPR como Universidad Certificada.<\/figcaption><\/figure>\n<\/div>\n<\/div>\n<\/div>\n\n\n\n<div class=\"wp-container-63 is-content-justification-center is-nowrap wp-block-group\">\n<div class=\"wp-container-62 wp-block-columns\">\n<div class=\"wp-container-57 wp-block-column\" style=\"flex-basis:20%\">\n<figure class=\"wp-block-image size-large\"><a href=\"http:\/\/galeria.upr.edu.cu\/#slide-41\"><img src=\"http:\/\/galeria.upr.edu.cu\/wp-content\/uploads\/2022\/10\/41.png\" alt=\"\"\/><\/a><figcaption>2017. Intervenci\u00f3n de Lino Tom\u00e1s Borroto Torres al recibir el t\u00edtulo de Doctor Honoris Causa.<\/figcaption><\/figure>\n<\/div>\n\n\n\n<div class=\"wp-container-58 wp-block-column\" style=\"flex-basis:20%\">\n<figure class=\"wp-block-image size-large\"><a href=\"http:\/\/galeria.upr.edu.cu\/#slide-42\"><img src=\"http:\/\/galeria.upr.edu.cu\/wp-content\/uploads\/2022\/10\/42.png\" alt=\"\"\/><\/a><figcaption>Entrega de la Placa 45 Aniversario al Dr. Jos\u00e9 Antonio D\u00edaz Duque, fundador de la Vicerrector\u00eda de Investigaci\u00f3n Cientif\u00edca y Educaci\u00f3n Postgraduada de la UPR.<\/figcaption><\/figure>\n<\/div>\n\n\n\n<div class=\"wp-container-59 wp-block-column\" style=\"flex-basis:20%\">\n<figure class=\"wp-block-image size-large\"><a href=\"http:\/\/galeria.upr.edu.cu\/#slide-43\"><img src=\"http:\/\/galeria.upr.edu.cu\/wp-content\/uploads\/2022\/10\/43.png\" alt=\"\"\/><\/a><figcaption>Encuentro Nacional con Directores de Centros Universitarios Municipales (CUM). En la foto el Ministro de Educaci\u00f3n Superior Dr.C. Jos\u00e9 Ram\u00f3n Saborido Loidi, la Vicerrectora de Investigaciones y Postgrados Dra.C. Maricela Gonz\u00e1lez P\u00e9rez y directores de CUM de Pinar del R\u00edo.<\/figcaption><\/figure>\n<\/div>\n\n\n\n<div class=\"wp-container-60 wp-block-column\" style=\"flex-basis:20%\">\n<figure class=\"wp-block-image size-large\"><a href=\"http:\/\/galeria.upr.edu.cu\/#slide-44\"><img src=\"http:\/\/galeria.upr.edu.cu\/wp-content\/uploads\/2022\/10\/44.png\" alt=\"\"\/><\/a><figcaption>2018. Presidente de la Rep\u00fablica Miguel D\u00edaz-Canel Berm\u00fadez participa en asamblea de discusi\u00f3n del proyecto de Constituci\u00f3n de la Rep\u00fablica.<\/figcaption><\/figure>\n<\/div>\n\n\n\n<div class=\"wp-container-61 wp-block-column\" style=\"flex-basis:20%\">\n<figure class=\"wp-block-image size-large\"><a href=\"http:\/\/galeria.upr.edu.cu\/#slide-45\"><img src=\"http:\/\/galeria.upr.edu.cu\/wp-content\/uploads\/2022\/10\/45.png\" alt=\"\"\/><\/a><figcaption>2019. Sr. Simeon Oyono Esono Angue, graduado de la UPR, Ministro de Asuntos Exteriores y Cooperaci\u00f3n de Guinea Ecuatorial, visita la casa de altos estudios.<\/figcaption><\/figure>\n<\/div>\n<\/div>\n<\/div>\n\n\n\n<div class=\"wp-container-70 is-content-justification-center is-nowrap wp-block-group\">\n<div class=\"wp-container-69 wp-block-columns\">\n<div class=\"wp-container-64 wp-block-column\" style=\"flex-basis:20%\">\n<figure class=\"wp-block-image size-large\"><a href=\"http:\/\/galeria.upr.edu.cu\/#slide-46\"><img src=\"http:\/\/galeria.upr.edu.cu\/wp-content\/uploads\/2022\/10\/46.png\" alt=\"\"\/><\/a><figcaption>2019. Visita del Rector de UNESUM a la UPR.<\/figcaption><\/figure>\n<\/div>\n\n\n\n<div class=\"wp-container-65 wp-block-column\" style=\"flex-basis:20%\">\n<figure class=\"wp-block-image size-large\"><a href=\"http:\/\/galeria.upr.edu.cu\/#slide-47\"><img src=\"http:\/\/galeria.upr.edu.cu\/wp-content\/uploads\/2022\/10\/47.png\" alt=\"\"\/><\/a><figcaption>2019. Presentaci\u00f3n del libro \u201cCien horas con Fidel\u201d. En la foto el periodista y polit\u00f3logo Ignacio Ramonet, el escritor Abel Prieto Jim\u00e9nez y el realizador audiovisual Luis Morlote Rivas.<\/figcaption><\/figure>\n<\/div>\n\n\n\n<div class=\"wp-container-66 wp-block-column\" style=\"flex-basis:20%\">\n<figure class=\"wp-block-image size-large\"><a href=\"http:\/\/galeria.upr.edu.cu\/#slide-48\"><img src=\"http:\/\/galeria.upr.edu.cu\/wp-content\/uploads\/2022\/10\/48.png\" alt=\"\"\/><\/a><figcaption>Fundadores del Centro de Datos de la UPR con el Ing. Wlifredo Gonz\u00e1lez Vidal, Viceministro del Ministerio de Comunicaciones y con el Ing. Mario Hern\u00e1ndez Pastrana, Director de la Oficina Territorial de Control del MINCOM en Pinar del R\u00edo.<\/figcaption><\/figure>\n<\/div>\n\n\n\n<div class=\"wp-container-67 wp-block-column\" style=\"flex-basis:20%\">\n<figure class=\"wp-block-image size-large\"><a href=\"http:\/\/galeria.upr.edu.cu\/#slide-49\"><img src=\"http:\/\/galeria.upr.edu.cu\/wp-content\/uploads\/2022\/10\/49.png\" alt=\"\"\/><\/a><figcaption>2021. Acto de Inicio de Curso. Modalidad a Distancia. (Periodo de Pandemia por la COVID 19).<\/figcaption><\/figure>\n<\/div>\n\n\n\n<div class=\"wp-container-68 wp-block-column\" style=\"flex-basis:20%\">\n<figure class=\"wp-block-image size-large\"><a href=\"http:\/\/galeria.upr.edu.cu\/#slide-50\"><img src=\"http:\/\/galeria.upr.edu.cu\/wp-content\/uploads\/2022\/10\/50.png\" alt=\"\"\/><\/a><figcaption>2022. Delegaci\u00f3n del Illinois College visita la UPR.<\/figcaption><\/figure>\n<\/div>\n<\/div>\n<\/div>\n<\/div>\n\n\n\n<div style=\"height:100px\" aria-hidden=\"true\" class=\"wp-block-spacer\"><\/div>\n","protected":false},"excerpt":{"rendered":"","protected":false},"author":1,"featured_media":0,"parent":0,"menu_order":0,"comment_status":"closed","ping_status":"closed","template":"","meta":[],"_links":{"self":[{"href":"https:\/\/galeria.upr.edu.cu\/index.php?rest_route=\/wp\/v2\/pages\/5"}],"collection":[{"href":"https:\/\/galeria.upr.edu.cu\/index.php?rest_route=\/wp\/v2\/pages"}],"about":[{"href":"https:\/\/galeria.upr.edu.cu\/index.php?rest_route=\/wp\/v2\/types\/page"}],"author":[{"embeddable":true,"href":"https:\/\/galeria.upr.edu.cu\/index.php?rest_route=\/wp\/v2\/users\/1"}],"replies":[{"embeddable":true,"href":"https:\/\/galeria.upr.edu.cu\/index.php?rest_route=%2Fwp%2Fv2%2Fcomments&post=5"}],"version-history":[{"count":75,"href":"https:\/\/galeria.upr.edu.cu\/index.php?rest_route=\/wp\/v2\/pages\/5\/revisions"}],"predecessor-version":[{"id":377,"href":"https:\/\/galeria.upr.edu.cu\/index.php?rest_route=\/wp\/v2\/pages\/5\/revisions\/377"}],"wp:attachment":[{"href":"https:\/\/galeria.upr.edu.cu\/index.php?rest_route=%2Fwp%2Fv2%2Fmedia&parent=5"}],"curies":[{"name":"wp","href":"https:\/\/api.w.org\/{rel}","templated":true}]}}